{"id":4176,"date":"2018-02-19T09:49:53","date_gmt":"2018-02-19T09:49:53","guid":{"rendered":"http:\/\/anossacerveja.pt\/onde-comprar\/"},"modified":"2022-02-09T12:14:38","modified_gmt":"2022-02-09T12:14:38","slug":"wo-zu-kaufen","status":"publish","type":"page","link":"https:\/\/anossacerveja.pt\/de\/wo-zu-kaufen\/","title":{"rendered":"Wo zu kaufen"},"content":{"rendered":"<p>[vc_row][vc_column width=&#8220;1\/2&#8243;][vc_column_text]<\/p>\n<h3>EINE TRAVESSA- UND STRANDPARQUE-PRAIA-FORMOSA<\/h3>\n<p>&nbsp;<\/p>\n<p>Die Muttergesellschaft Outromundo, Lda., Hat sich seit ihrer Gr\u00fcndung im Jahr 2003 in Santa Maria immer durch Innovation, Qualit\u00e4t und Freundlichkeit hervorgetan. Der Eigent\u00fcmer von zwei bekannten Betrieben in Santa Maria und dar\u00fcber hinaus (A TRAVESSA und Beach Parque &#8211; Praia Formosa) hatte vor einigen Jahren die Idee, ein Craft Beer herzustellen. Geboren in M\u00fcnchen &#8211; der Bierhauptstadt der Welt &#8211; kann man sagen, dass Marc Oliver eine Leidenschaft f\u00fcr Bier fast im Blut hatte. Wie auch immer, alles, was zun\u00e4chst nur f\u00fcr den privaten Verbrauch als Witz begann, wurde ernster, als Freunde und Kunden neugierig waren, das in Santa Maria hergestellte Bier zu probieren. Der Erfolg und die Wertsch\u00e4tzung lie\u00dfen nicht lange auf sich warten, und so wurde beschlossen, diese Leidenschaft professioneller zu beenden. Im Oktober 2020 begann die offizielle Produktion von &#8222;Nossa &#8211; Cerveja Artesanal de Santa Maria&#8220; in den INCUBA-Einrichtungen. Das Zentrum der Gesch\u00e4ftsentwicklung von Santa Maria.<\/p>\n<p>Bei einer auf 200 l \/ Woche begrenzten Produktionskapazit\u00e4t ist bis zum ersten Quartal eine Erh\u00f6hung von 2022 auf 500 l &#8211; 1000 l pro Woche geplant.<\/p>\n<p>Die Basis unseres Craft Biers aus Santa Maria sind traditionelle deutsche Geschm\u00e4cker wie Lagers und Weizen, aber auch die bekanntesten auf dem &#8222;Craft Beer&#8220; -Markt sind IPAs, belgische Biere und Biere mit einem tropischen und fruchtigen Touch wie Azorean IPA oder Himbeer Ale. Immer mit der Absicht, ein Bier zu produzieren, das leicht zu trinken ist, und eine Reihe von Produkten anzubieten, die alle Geschm\u00e4cker derjenigen abdecken, die Bier im Allgemeinen sch\u00e4tzen.<\/p>\n<p>Die Braustufen: Auswahl, Wiegen des Malzes, Mahlen des Malzes, Maischen, Filtern und Waschen, Kochen des Mosts, Kl\u00e4ren und Filtern des Mosts, Abk\u00fchlen, alkoholische G\u00e4rung, Abf\u00fcllen, Reifung, Abf\u00fcllen, Verschlie\u00dfen, Etikettieren und Verpacken.[\/vc_column_text][\/vc_column][vc_column width=&#8220;1\/2&#8243;][vc_single_image image=&#8220;4542&#8243; img_size=&#8220;large&#8220;][\/vc_column][\/vc_row][vc_row][vc_column][vc_empty_space height=&#8220;62px&#8220;][\/vc_column][\/vc_row][vc_row][vc_column][vc_btn title=&#8220;Online kaufen&#8220; align=&#8220;center&#8220; link=&#8220;url:http%3A%2F%2Fanossacerveja.pt%2Fde%2Fgeschaeft%2F&#8220;][\/vc_column][\/vc_row]<\/p>\n","protected":false},"excerpt":{"rendered":"<p>[vc_row][vc_column width=&#8220;1\/2&#8243;][vc_column_text] EINE TRAVESSA- UND STRANDPARQUE-PRAIA-FORMOSA &nbsp; Die Muttergesellschaft Outromundo, Lda., Hat sich seit ihrer Gr\u00fcndung im Jahr 2003 in Santa Maria immer durch Innovation, Qualit\u00e4t und Freundlichkeit hervorgetan. Der Eigent\u00fcmer von zwei bekannten Betrieben in Santa Maria und dar\u00fcber [&hellip;]<\/p>\n","protected":false},"author":1,"featured_media":0,"parent":0,"menu_order":0,"comment_status":"closed","ping_status":"closed","template":"","meta":[],"_links":{"self":[{"href":"https:\/\/anossacerveja.pt\/de\/wp-json\/wp\/v2\/pages\/4176"}],"collection":[{"href":"https:\/\/anossacerveja.pt\/de\/wp-json\/wp\/v2\/pages"}],"about":[{"href":"https:\/\/anossacerveja.pt\/de\/wp-json\/wp\/v2\/types\/page"}],"author":[{"embeddable":true,"href":"https:\/\/anossacerveja.pt\/de\/wp-json\/wp\/v2\/users\/1"}],"replies":[{"embeddable":true,"href":"https:\/\/anossacerveja.pt\/de\/wp-json\/wp\/v2\/comments?post=4176"}],"version-history":[{"count":5,"href":"https:\/\/anossacerveja.pt\/de\/wp-json\/wp\/v2\/pages\/4176\/revisions"}],"predecessor-version":[{"id":5550,"href":"https:\/\/anossacerveja.pt\/de\/wp-json\/wp\/v2\/pages\/4176\/revisions\/5550"}],"wp:attachment":[{"href":"https:\/\/anossacerveja.pt\/de\/wp-json\/wp\/v2\/media?parent=4176"}],"curies":[{"name":"wp","href":"https:\/\/api.w.org\/{rel}","templated":true}]}}