{"id":4354,"date":"2018-02-14T14:43:51","date_gmt":"2018-02-14T14:43:51","guid":{"rendered":"http:\/\/anossacerveja.pt\/a-travessa\/"},"modified":"2022-02-08T16:07:39","modified_gmt":"2022-02-08T16:07:39","slug":"durch","status":"publish","type":"page","link":"https:\/\/anossacerveja.pt\/de\/durch\/","title":{"rendered":"\u00dcber Uns"},"content":{"rendered":"<p>[vc_row][vc_column]<div class=\"edgtf-elements-holder   edgtf-one-column  edgtf-responsive-mode-768 \" ><div class=\"edgtf-eh-item    \"  data-item-class=\"edgtf-eh-custom-9754\">\n\t<div class=\"edgtf-eh-item-inner\">\n\t\t<div class=\"edgtf-eh-item-content edgtf-eh-custom-9754\" style=\"padding: 60px\">\n\t\t\t<div class=\"edgtf-section-title-holder  edgtf-st-normal-space\" style=\"text-align: center\">\n\t<div class=\"edgtf-st-inner\">\n\t\t\t\t\t<div class=\"edgtf-st-title-wrap\">\n\t\t\t\t\t\t\t\t<h2 class=\"edgtf-st-title\" >\n\t\t\t\t\tPr\u00e4sentation\t\t\t\t<\/h2>\n\t\t\t\t\t\t\t<\/div>\n\t\t\t\t\t\t\t<div class=\"edgtf-st-text\" >\n\t\t\t\t<\/p>\n<h4 style=\"text-align: center;color: #fcb20b\"><strong>Unser Bier<\/strong><\/h4>\n<p>Die Muttergesellschaft Outromundo, Lda., hat sich seit ihrer Gr\u00fcndung im Jahr 2003 in Santa Maria immer durch Innovation, Qualit\u00e4t und Kundenservice hervorgetan. Der Eigent\u00fcmer von zwei in Santa Maria und dar\u00fcber hinaus bekannten Betrieben\u00a0 (A TRAVESSA und Beach Parque &#8211; Praia Formosa) hatte vor einigen Jahren die Idee, sein eigenes huasgemachtes Bier herzustellen. Geboren in M\u00fcnchen &#8211; der Hauptstadt des Bieres &#8211; kann man sagen, dass Marc Oliver eine Leidenschaft f\u00fcr Bier fast im Blut hatte. Wie auch immer, alles, was zun\u00e4chst nur f\u00fcr den privaten Verbrauch und als Spass begann, wurde ernster, als Freunde und Kunden neugierig waren, das in Santa Maria hergestellte Bier zu probieren. Der Erfolg und die Wertsch\u00e4tzung lie\u00dfen nicht lange auf sich warten, und so wurde beschlossen, die Leidenschaft in die Tat umzusetzen, und so begann im Oktober 2020 offiziell die Produktion von \u201eA Nossa&#8220; &#8211; Cerveja Artesanal de Santa Maria\u201c in den INCUBA+ Einrichtungen, dem Zentrum f\u00fcr Start Ups in Santa Maria.<\/p>\n<p>Bei einer anf\u00e4nglich auf 200 l \/ Woche begrenzten Produktionskapazit\u00e4t ist bereits bis zum zweiten Quartal 2022 eine Erh\u00f6hung\u00a0 auf 500 l &#8211; 1000 l pro Woche geplant.<\/p>\n<p>Die Basis unseres hausgemachten Bieres sind traditionelle deutsche Stile wie Lager und Weizen, aber auch\u00a0 IPAs, Biere im belgischen Stil oder Biere mit einem tropischen und fruchtigen Charakter wie das Azorean IPA oder Himbeer Ale. Immer mit der Absicht, ein Bier zu produzieren, das leicht zu trinken ist, und eine\u00a0 Produktpalette anzubieten, die die Geschm\u00e4cker aller Bierfreunde abdecken.<\/p>\n<p>Die Stufen unseres Brauvorgangs: Das Wiegen des Malzes, Schroten des Malzes, das Maischen, der L\u00e4utervorgang, das Kochen der W\u00fcrze, der Whirlpool, das Abk\u00fchlen, die G\u00e4rung, die Reifung, das Abf\u00fcllen, das Etikettieren und das Verpacken.<\/p>\n<p>Aktuelle Produkte\u00a0 unserer Brauerei:<\/p>\n<ul>\n<li>Azorean IPA<\/li>\n<li>Himbeer Ale<\/li>\n<li>American IPA, Flasche und Fass<\/li>\n<li>Alt bayerisches Lager, Flasche und Fass<\/li>\n<li>Dunkles Wiener Lager<\/li>\n<li>Dunkles bayerisches Weizen<\/li>\n<li>M\u00fcnchener Weizen<\/li>\n<li>Belgian Brown Ale<\/li>\n<\/ul>\n<p>\t\t\t<\/div>\n\t\t\t<\/div>\n<\/div>[vc_separator][vc_empty_space height=&#8220;100px&#8220;]\t\t<\/div>\n\t<\/div>\n<\/div><\/div>[\/vc_column][\/vc_row][vc_row row_content_width=&#8220;grid&#8220; content_text_aligment=&#8220;center&#8220; css=&#8220;.vc_custom_1520422688163{padding-bottom: 40px !important;}&#8220;][vc_column offset=&#8220;vc_col-lg-4 vc_col-md-4 vc_col-xs-12&#8243;]<div class=\"edgtf-team-holder edgtf-team-info-below-image\">\n\t<div class=\"edgtf-team-inner\">\n\t\t\t\t\t<div class=\"edgtf-team-image\">\n                <img width=\"500\" height=\"500\" src=\"https:\/\/anossacerveja.pt\/wp-content\/uploads\/2022\/01\/Team.jpg\" class=\"attachment-full size-full\" alt=\"\" loading=\"lazy\" srcset=\"https:\/\/anossacerveja.pt\/wp-content\/uploads\/2022\/01\/Team.jpg 500w, https:\/\/anossacerveja.pt\/wp-content\/uploads\/2022\/01\/Team-300x300.jpg 300w, https:\/\/anossacerveja.pt\/wp-content\/uploads\/2022\/01\/Team-150x150.jpg 150w, https:\/\/anossacerveja.pt\/wp-content\/uploads\/2022\/01\/Team-110x110.jpg 110w, https:\/\/anossacerveja.pt\/wp-content\/uploads\/2022\/01\/Team-100x100.jpg 100w\" sizes=\"(max-width: 500px) 100vw, 500px\" \/>\t\t\t\t\t\t\t\t\t<div class=\"edgtf-team-social-holder\">\n\t\t\t\t\t\t\t\t\t\t\t\t\t<span class=\"edgtf-team-icon\">    <span class=\"edgtf-icon-shortcode edgtf-normal   \">\n                    <a class=\"\" href=\"https:\/\/www.instagram.com\/\" target=\"_blank\">\n                    <i class=\"edgtf-icon-font-awesome fa fa-instagram edgtf-icon-element\"><\/i>                    <\/a>\n            <\/span>\n<\/span>\n\t\t\t\t\t\t\t\t\t\t\t\t\t<span class=\"edgtf-team-icon\">    <span class=\"edgtf-icon-shortcode edgtf-normal   \">\n                    <a class=\"\" href=\"https:\/\/twitter.com\/\" target=\"_blank\">\n                    <i class=\"edgtf-icon-font-awesome fa fa-twitter edgtf-icon-element\"><\/i>                    <\/a>\n            <\/span>\n<\/span>\n\t\t\t\t\t\t\t\t\t\t\t\t\t<span class=\"edgtf-team-icon\">    <span class=\"edgtf-icon-shortcode edgtf-normal   \">\n                    <a class=\"\" href=\"https:\/\/www.facebook.com\/\" target=\"_blank\">\n                    <i class=\"edgtf-icon-font-awesome fa fa-facebook edgtf-icon-element\"><\/i>                    <\/a>\n            <\/span>\n<\/span>\n\t\t\t\t\t\t\t\t\t\t\t<\/div>\n\t\t\t\t\t\t\t<\/div>\n\t\t\t\t<div class=\"edgtf-team-info\">\n\t\t\t\t\t\t\t<h4 class=\"edgtf-team-name\" style=\"color: #000000\">Marc Oliver<\/h4>\n\t\t\t\t\t\t\t\t\t\t<h6 class=\"edgtf-team-position\" style=\"color: #dd9933\">Gr\u00fcnder und Braumeister<\/h6>\n\t\t\t\t\t\t\t\t\t\t<p class=\"edgtf-team-text\" style=\"color: #000000\">52 Jahre alt, aus M\u00fcnchen, Deutschland<\/p>\n\t\t\t\t\t<\/div>\n\t<\/div>\n<\/div>[vc_empty_space height=&#8220;40px&#8220;][\/vc_column][vc_column offset=&#8220;vc_col-lg-4 vc_col-md-4 vc_col-xs-12&#8243;]<div class=\"edgtf-team-holder edgtf-team-info-below-image\">\n\t<div class=\"edgtf-team-inner\">\n\t\t\t\t\t<div class=\"edgtf-team-image\">\n                <img width=\"500\" height=\"500\" src=\"https:\/\/anossacerveja.pt\/wp-content\/uploads\/2022\/01\/Team-3.jpg\" class=\"attachment-full size-full\" alt=\"\" loading=\"lazy\" srcset=\"https:\/\/anossacerveja.pt\/wp-content\/uploads\/2022\/01\/Team-3.jpg 500w, https:\/\/anossacerveja.pt\/wp-content\/uploads\/2022\/01\/Team-3-300x300.jpg 300w, https:\/\/anossacerveja.pt\/wp-content\/uploads\/2022\/01\/Team-3-150x150.jpg 150w, https:\/\/anossacerveja.pt\/wp-content\/uploads\/2022\/01\/Team-3-110x110.jpg 110w, https:\/\/anossacerveja.pt\/wp-content\/uploads\/2022\/01\/Team-3-100x100.jpg 100w\" sizes=\"(max-width: 500px) 100vw, 500px\" \/>\t\t\t\t\t\t\t\t\t<div class=\"edgtf-team-social-holder\">\n\t\t\t\t\t\t\t\t\t\t\t\t\t<span class=\"edgtf-team-icon\">    <span class=\"edgtf-icon-shortcode edgtf-normal   \">\n                    <a class=\"\" href=\"https:\/\/www.instagram.com\/\" target=\"_blank\">\n                    <i class=\"edgtf-icon-font-awesome fa fa-instagram edgtf-icon-element\"><\/i>                    <\/a>\n            <\/span>\n<\/span>\n\t\t\t\t\t\t\t\t\t\t\t\t\t<span class=\"edgtf-team-icon\">    <span class=\"edgtf-icon-shortcode edgtf-normal   \">\n                    <a class=\"\" href=\"https:\/\/twitter.com\/\" target=\"_blank\">\n                    <i class=\"edgtf-icon-font-awesome fa fa-twitter edgtf-icon-element\"><\/i>                    <\/a>\n            <\/span>\n<\/span>\n\t\t\t\t\t\t\t\t\t\t\t\t\t<span class=\"edgtf-team-icon\">    <span class=\"edgtf-icon-shortcode edgtf-normal   \">\n                    <a class=\"\" href=\"https:\/\/www.facebook.com\/\" target=\"_blank\">\n                    <i class=\"edgtf-icon-font-awesome fa fa-facebook edgtf-icon-element\"><\/i>                    <\/a>\n            <\/span>\n<\/span>\n\t\t\t\t\t\t\t\t\t\t\t<\/div>\n\t\t\t\t\t\t\t<\/div>\n\t\t\t\t<div class=\"edgtf-team-info\">\n\t\t\t\t\t\t\t<h4 class=\"edgtf-team-name\" style=\"color: #000000\">Lucas Le\u00f3n Oliver<\/h4>\n\t\t\t\t\t\t\t\t\t\t<h6 class=\"edgtf-team-position\" style=\"color: #dd9933\">Mitbegr\u00fcnder und Chief Beer Taster (CBT)<\/h6>\n\t\t\t\t\t\t\t\t\t\t<p class=\"edgtf-team-text\" style=\"color: #000000\">21 Jahre alt, aus M\u00fcnchen, Deutschland<\/p>\n\t\t\t\t\t<\/div>\n\t<\/div>\n<\/div>[vc_empty_space height=&#8220;40px&#8220;][\/vc_column][vc_column offset=&#8220;vc_col-lg-4 vc_col-md-4 vc_col-xs-12&#8243;]<div class=\"edgtf-team-holder edgtf-team-info-below-image\">\n\t<div class=\"edgtf-team-inner\">\n\t\t\t\t\t<div class=\"edgtf-team-image\">\n                <img width=\"500\" height=\"500\" src=\"https:\/\/anossacerveja.pt\/wp-content\/uploads\/2022\/01\/Team-1.jpg\" class=\"attachment-full size-full\" alt=\"\" loading=\"lazy\" srcset=\"https:\/\/anossacerveja.pt\/wp-content\/uploads\/2022\/01\/Team-1.jpg 500w, https:\/\/anossacerveja.pt\/wp-content\/uploads\/2022\/01\/Team-1-300x300.jpg 300w, https:\/\/anossacerveja.pt\/wp-content\/uploads\/2022\/01\/Team-1-150x150.jpg 150w, https:\/\/anossacerveja.pt\/wp-content\/uploads\/2022\/01\/Team-1-110x110.jpg 110w, https:\/\/anossacerveja.pt\/wp-content\/uploads\/2022\/01\/Team-1-100x100.jpg 100w\" sizes=\"(max-width: 500px) 100vw, 500px\" \/>\t\t\t\t\t\t\t\t\t<div class=\"edgtf-team-social-holder\">\n\t\t\t\t\t\t\t\t\t\t\t\t\t<span class=\"edgtf-team-icon\">    <span class=\"edgtf-icon-shortcode edgtf-normal   \">\n                    <a class=\"\" href=\"https:\/\/www.instagram.com\/\" target=\"_blank\">\n                    <i class=\"edgtf-icon-font-awesome fa fa-instagram edgtf-icon-element\"><\/i>                    <\/a>\n            <\/span>\n<\/span>\n\t\t\t\t\t\t\t\t\t\t\t\t\t<span class=\"edgtf-team-icon\">    <span class=\"edgtf-icon-shortcode edgtf-normal   \">\n                    <a class=\"\" href=\"https:\/\/twitter.com\/\" target=\"_blank\">\n                    <i class=\"edgtf-icon-font-awesome fa fa-twitter edgtf-icon-element\"><\/i>                    <\/a>\n            <\/span>\n<\/span>\n\t\t\t\t\t\t\t\t\t\t\t\t\t<span class=\"edgtf-team-icon\">    <span class=\"edgtf-icon-shortcode edgtf-normal   \">\n                    <a class=\"\" href=\"https:\/\/www.facebook.com\/\" target=\"_blank\">\n                    <i class=\"edgtf-icon-font-awesome fa fa-facebook edgtf-icon-element\"><\/i>                    <\/a>\n            <\/span>\n<\/span>\n\t\t\t\t\t\t\t\t\t\t\t<\/div>\n\t\t\t\t\t\t\t<\/div>\n\t\t\t\t<div class=\"edgtf-team-info\">\n\t\t\t\t\t\t\t<h4 class=\"edgtf-team-name\" style=\"color: #000000\">Jonas Leone Oliver<\/h4>\n\t\t\t\t\t\t\t\t\t\t<h6 class=\"edgtf-team-position\" style=\"color: #dd9933\">Braugehilfe<\/h6>\n\t\t\t\t\t\t\t\t\t\t<p class=\"edgtf-team-text\" style=\"color: #000000\">18 Jahre alt, aus Vila do Porto, Santa Maria<\/p>\n\t\t\t\t\t<\/div>\n\t<\/div>\n<\/div>[vc_empty_space height=&#8220;40px&#8220;][\/vc_column][\/vc_row][vc_row row_content_width=&#8220;grid&#8220; content_text_aligment=&#8220;center&#8220; css=&#8220;.vc_custom_1521450294064{padding-bottom: 80px !important;}&#8220;][vc_column offset=&#8220;vc_col-lg-4 vc_col-md-4 vc_col-xs-12&#8243;]<div class=\"edgtf-team-holder edgtf-team-info-below-image\">\n\t<div class=\"edgtf-team-inner\">\n\t\t\t\t\t<div class=\"edgtf-team-image\">\n                <img width=\"500\" height=\"500\" src=\"https:\/\/anossacerveja.pt\/wp-content\/uploads\/2022\/01\/Team-4.jpg\" class=\"attachment-full size-full\" alt=\"\" loading=\"lazy\" srcset=\"https:\/\/anossacerveja.pt\/wp-content\/uploads\/2022\/01\/Team-4.jpg 500w, https:\/\/anossacerveja.pt\/wp-content\/uploads\/2022\/01\/Team-4-300x300.jpg 300w, https:\/\/anossacerveja.pt\/wp-content\/uploads\/2022\/01\/Team-4-150x150.jpg 150w, https:\/\/anossacerveja.pt\/wp-content\/uploads\/2022\/01\/Team-4-110x110.jpg 110w, https:\/\/anossacerveja.pt\/wp-content\/uploads\/2022\/01\/Team-4-100x100.jpg 100w\" sizes=\"(max-width: 500px) 100vw, 500px\" \/>\t\t\t\t\t\t\t\t\t<div class=\"edgtf-team-social-holder\">\n\t\t\t\t\t\t\t\t\t\t\t\t\t<span class=\"edgtf-team-icon\">    <span class=\"edgtf-icon-shortcode edgtf-normal   \">\n                    <a class=\"\" href=\"https:\/\/www.instagram.com\/\" target=\"_blank\">\n                    <i class=\"edgtf-icon-font-awesome fa fa-instagram edgtf-icon-element\"><\/i>                    <\/a>\n            <\/span>\n<\/span>\n\t\t\t\t\t\t\t\t\t\t\t\t\t<span class=\"edgtf-team-icon\">    <span class=\"edgtf-icon-shortcode edgtf-normal   \">\n                    <a class=\"\" href=\"https:\/\/twitter.com\/\" target=\"_blank\">\n                    <i class=\"edgtf-icon-font-awesome fa fa-twitter edgtf-icon-element\"><\/i>                    <\/a>\n            <\/span>\n<\/span>\n\t\t\t\t\t\t\t\t\t\t\t\t\t<span class=\"edgtf-team-icon\">    <span class=\"edgtf-icon-shortcode edgtf-normal   \">\n                    <a class=\"\" href=\"https:\/\/www.facebook.com\/\" target=\"_blank\">\n                    <i class=\"edgtf-icon-font-awesome fa fa-facebook edgtf-icon-element\"><\/i>                    <\/a>\n            <\/span>\n<\/span>\n\t\t\t\t\t\t\t\t\t\t\t<\/div>\n\t\t\t\t\t\t\t<\/div>\n\t\t\t\t<div class=\"edgtf-team-info\">\n\t\t\t\t\t\t\t<h4 class=\"edgtf-team-name\" style=\"color: #000000\">Graciete Oliver<\/h4>\n\t\t\t\t\t\t\t\t\t\t<h6 class=\"edgtf-team-position\" style=\"color: #dd9933\">Mitbegr\u00fcnderin und Koordinatorin<\/h6>\n\t\t\t\t\t\t\t\t\t\t<p class=\"edgtf-team-text\" style=\"color: #000000\">40 Jahre alt, aus Vila do Porto, Santa Maria<\/p>\n\t\t\t\t\t<\/div>\n\t<\/div>\n<\/div>[vc_empty_space height=&#8220;40px&#8220;][\/vc_column][vc_column offset=&#8220;vc_col-lg-4 vc_col-md-4 vc_col-xs-12&#8243;]<div class=\"edgtf-team-holder edgtf-team-info-below-image\">\n\t<div class=\"edgtf-team-inner\">\n\t\t\t\t\t<div class=\"edgtf-team-image\">\n                <img width=\"500\" height=\"500\" src=\"https:\/\/anossacerveja.pt\/wp-content\/uploads\/2022\/01\/Team-3-1.jpg\" class=\"attachment-full size-full\" alt=\"\" loading=\"lazy\" srcset=\"https:\/\/anossacerveja.pt\/wp-content\/uploads\/2022\/01\/Team-3-1.jpg 500w, https:\/\/anossacerveja.pt\/wp-content\/uploads\/2022\/01\/Team-3-1-300x300.jpg 300w, https:\/\/anossacerveja.pt\/wp-content\/uploads\/2022\/01\/Team-3-1-150x150.jpg 150w, https:\/\/anossacerveja.pt\/wp-content\/uploads\/2022\/01\/Team-3-1-110x110.jpg 110w, https:\/\/anossacerveja.pt\/wp-content\/uploads\/2022\/01\/Team-3-1-100x100.jpg 100w\" sizes=\"(max-width: 500px) 100vw, 500px\" \/>\t\t\t\t\t\t\t\t\t<div class=\"edgtf-team-social-holder\">\n\t\t\t\t\t\t\t\t\t\t\t\t\t<span class=\"edgtf-team-icon\">    <span class=\"edgtf-icon-shortcode edgtf-normal   \">\n                    <a class=\"\" href=\"https:\/\/www.instagram.com\/\" target=\"_blank\">\n                    <i class=\"edgtf-icon-font-awesome fa fa-instagram edgtf-icon-element\"><\/i>                    <\/a>\n            <\/span>\n<\/span>\n\t\t\t\t\t\t\t\t\t\t\t\t\t<span class=\"edgtf-team-icon\">    <span class=\"edgtf-icon-shortcode edgtf-normal   \">\n                    <a class=\"\" href=\"https:\/\/twitter.com\/\" target=\"_blank\">\n                    <i class=\"edgtf-icon-font-awesome fa fa-twitter edgtf-icon-element\"><\/i>                    <\/a>\n            <\/span>\n<\/span>\n\t\t\t\t\t\t\t\t\t\t\t\t\t<span class=\"edgtf-team-icon\">    <span class=\"edgtf-icon-shortcode edgtf-normal   \">\n                    <a class=\"\" href=\"https:\/\/www.facebook.com\/\" target=\"_blank\">\n                    <i class=\"edgtf-icon-font-awesome fa fa-facebook edgtf-icon-element\"><\/i>                    <\/a>\n            <\/span>\n<\/span>\n\t\t\t\t\t\t\t\t\t\t\t<\/div>\n\t\t\t\t\t\t\t<\/div>\n\t\t\t\t<div class=\"edgtf-team-info\">\n\t\t\t\t\t\t\t<h4 class=\"edgtf-team-name\" style=\"color: #000000\">Maia<\/h4>\n\t\t\t\t\t\t\t\t\t\t<h6 class=\"edgtf-team-position\" style=\"color: #dd9933\">Brauaufsicht<\/h6>\n\t\t\t\t\t\t\t\t\t\t<p class=\"edgtf-team-text\" style=\"color: #000000\">12 Jahre alt, aus in Vila do Porto, Santa Maria<\/p>\n\t\t\t\t\t<\/div>\n\t<\/div>\n<\/div>[vc_empty_space height=&#8220;40px&#8220;][\/vc_column][vc_column offset=&#8220;vc_col-lg-4 vc_col-md-4 vc_col-xs-12&#8243;]<div class=\"edgtf-team-holder edgtf-team-info-below-image\">\n\t<div class=\"edgtf-team-inner\">\n\t\t\t\t\t<div class=\"edgtf-team-image\">\n                <img width=\"500\" height=\"500\" src=\"https:\/\/anossacerveja.pt\/wp-content\/uploads\/2022\/01\/Team-1-1.jpg\" class=\"attachment-full size-full\" alt=\"\" loading=\"lazy\" srcset=\"https:\/\/anossacerveja.pt\/wp-content\/uploads\/2022\/01\/Team-1-1.jpg 500w, https:\/\/anossacerveja.pt\/wp-content\/uploads\/2022\/01\/Team-1-1-300x300.jpg 300w, https:\/\/anossacerveja.pt\/wp-content\/uploads\/2022\/01\/Team-1-1-150x150.jpg 150w, https:\/\/anossacerveja.pt\/wp-content\/uploads\/2022\/01\/Team-1-1-110x110.jpg 110w, https:\/\/anossacerveja.pt\/wp-content\/uploads\/2022\/01\/Team-1-1-100x100.jpg 100w\" sizes=\"(max-width: 500px) 100vw, 500px\" \/>\t\t\t\t\t\t\t\t\t<div class=\"edgtf-team-social-holder\">\n\t\t\t\t\t\t\t\t\t\t\t\t\t<span class=\"edgtf-team-icon\">    <span class=\"edgtf-icon-shortcode edgtf-normal   \">\n                    <a class=\"\" href=\"https:\/\/www.instagram.com\/\" target=\"_blank\">\n                    <i class=\"edgtf-icon-font-awesome fa fa-instagram edgtf-icon-element\"><\/i>                    <\/a>\n            <\/span>\n<\/span>\n\t\t\t\t\t\t\t\t\t\t\t\t\t<span class=\"edgtf-team-icon\">    <span class=\"edgtf-icon-shortcode edgtf-normal   \">\n                    <a class=\"\" href=\"https:\/\/twitter.com\/\" target=\"_blank\">\n                    <i class=\"edgtf-icon-font-awesome fa fa-twitter edgtf-icon-element\"><\/i>                    <\/a>\n            <\/span>\n<\/span>\n\t\t\t\t\t\t\t\t\t\t\t\t\t<span class=\"edgtf-team-icon\">    <span class=\"edgtf-icon-shortcode edgtf-normal   \">\n                    <a class=\"\" href=\"https:\/\/www.facebook.com\/\" target=\"_blank\">\n                    <i class=\"edgtf-icon-font-awesome fa fa-facebook edgtf-icon-element\"><\/i>                    <\/a>\n            <\/span>\n<\/span>\n\t\t\t\t\t\t\t\t\t\t\t<\/div>\n\t\t\t\t\t\t\t<\/div>\n\t\t\t\t<div class=\"edgtf-team-info\">\n\t\t\t\t\t\t\t<h4 class=\"edgtf-team-name\" style=\"color: #000000\">Jonathan Pires da Silva<\/h4>\n\t\t\t\t\t\t\t\t\t\t<h6 class=\"edgtf-team-position\" style=\"color: #dd9933\">Verkauf und Ausschank Taproom<\/h6>\n\t\t\t\t\t\t\t\t\t\t<p class=\"edgtf-team-text\" style=\"color: #000000\">33 Jahre alt, aus in Sorocaba - S\u00e3o Paulo - Brasilien<\/p>\n\t\t\t\t\t<\/div>\n\t<\/div>\n<\/div>[vc_empty_space height=&#8220;40px&#8220;][\/vc_column][\/vc_row][vc_row parallax_background_image=&#8220;218&#8243;][vc_column]<div class=\"edgtf-elements-holder   edgtf-one-column  edgtf-responsive-mode-768 \" ><div class=\"edgtf-eh-item    \"  data-item-class=\"edgtf-eh-custom-1145\">\n\t<div class=\"edgtf-eh-item-inner\">\n\t\t<div class=\"edgtf-eh-item-content edgtf-eh-custom-1145\" >\n\t\t\t[vc_empty_space height=&#8220;82px&#8220;]<div class=\"edgtf-testimonials-holder clearfix edgtf-testimonials-standard \">\n    <div class=\"edgtf-testimonials edgtf-owl-slider\" data-number-of-items=\"1\" data-enable-loop=\"yes\" data-enable-autoplay=\"yes\" data-slider-speed=\"5000\" data-slider-speed-animation=\"600\" data-enable-navigation=\"yes\" data-enable-pagination=\"yes\" >\n\n    \n\t    <div class=\"edgtf-testimonial-content\" id=\"edgtf-testimonials-5521\">\n\t        <div class=\"edgtf-testimonial-text-holder\">\n\t            \t                <p class=\"edgtf-testimonial-text\"> Spektakul\u00e4res Bier im besten Restaurant in Vila do Porto!<\/p>\n\t            \t            \t                <h5 class=\"edgtf-testimonial-author\">\n\t                    <span class=\"edgtf-testimonials-author-name\">Filipe Regueira<\/span>\n\t                    \t                <\/h5>\n\t            \t        <\/div>\n\t    <\/div>\n\n    \n\t    <div class=\"edgtf-testimonial-content\" id=\"edgtf-testimonials-5518\">\n\t        <div class=\"edgtf-testimonial-text-holder\">\n\t            \t                <p class=\"edgtf-testimonial-text\">Ich habe einige der Nossa-Biere probiert und bin sehr beeindruckt. Zun\u00e4chst muss ich gestehen, dass ich ein Lager- und Pilsner-Trinker bin und normalerweise keine Ales trinke, insbesondere IPAs. Ich fand unsere IPAs komplex und w\u00fcrzig und allen ungenie\u00dfbaren und schweren und \u00fcberm\u00e4\u00dfig gehopften IPAs \u00fcberlegen \u2013 IPAs, die meine Tochter und ihre Freunde in den Staaten trinken. Meine beiden Lieblingsbiere von Nossa sind das amerikanische IPA und eines der Originale \u2013 das erste, das ich tats\u00e4chlich hatte, und mein Favorit, das Schokoladenweizenbier, das schwer zu finden ist, also hoffe ich, dass sie bald mehr machen. Ich entscheide mich f\u00fcr das amerikanische IPA, es ist extrem trinkbar und passt hervorragend zu Essen, was ich von keinem der IPAs sagen kann, die ich hatte, die tats\u00e4chlich in Amerika hergestellt wurden. Ich dachte, sie h\u00e4tten es Azorian IPA nennen sollen, aber Ours stellt bereits ein Azorian IPA her \u2013 aber was steckt hinter dem Namen. Wenn Sie Nossa finden, wo es ist, kaufen Sie es und probieren Sie es aus, Sie werden es nicht bereuen.<\/p>\n\t            \t            \t                <h5 class=\"edgtf-testimonial-author\">\n\t                    <span class=\"edgtf-testimonials-author-name\">Fred Griffith<\/span>\n\t                    \t                <\/h5>\n\t            \t        <\/div>\n\t    <\/div>\n\n    \n\t    <div class=\"edgtf-testimonial-content\" id=\"edgtf-testimonials-5515\">\n\t        <div class=\"edgtf-testimonial-text-holder\">\n\t            \t                <p class=\"edgtf-testimonial-text\">Ich wei\u00df nicht, welches ich probiert habe, aber es hat mir sehr gut gefallen!<\/p>\n\t            \t            \t                <h5 class=\"edgtf-testimonial-author\">\n\t                    <span class=\"edgtf-testimonials-author-name\">Nuno Silveira<\/span>\n\t                    \t                <\/h5>\n\t            \t        <\/div>\n\t    <\/div>\n\n    \n\t    <div class=\"edgtf-testimonial-content\" id=\"edgtf-testimonials-561\">\n\t        <div class=\"edgtf-testimonial-text-holder\">\n\t            \t                <p class=\"edgtf-testimonial-text\">Herzliche Gl\u00fcckw\u00fcnsche! Mehr als genehmigt! Wir haben sie alle ausprobiert und sie haben uns sehr gut gefallen.<\/p>\n\t            \t            \t                <h5 class=\"edgtf-testimonial-author\">\n\t                    <span class=\"edgtf-testimonials-author-name\">Susana Machado<\/span>\n\t                    \t                <\/h5>\n\t            \t        <\/div>\n\t    <\/div>\n\n    \n    <\/div>\n<\/div>[vc_empty_space height=&#8220;82px&#8220;]\t\t<\/div>\n\t<\/div>\n<\/div><\/div>[\/vc_column][\/vc_row]<\/p>\n","protected":false},"excerpt":{"rendered":"<p>[vc_row][vc_column][\/vc_column][\/vc_row][vc_row row_content_width=&#8220;grid&#8220; content_text_aligment=&#8220;center&#8220; css=&#8220;.vc_custom_1520422688163{padding-bottom: 40px !important;}&#8220;][vc_column offset=&#8220;vc_col-lg-4 vc_col-md-4 vc_col-xs-12&#8243;][vc_empty_space height=&#8220;40px&#8220;][\/vc_column][vc_column offset=&#8220;vc_col-lg-4 vc_col-md-4 vc_col-xs-12&#8243;][vc_empty_space height=&#8220;40px&#8220;][\/vc_column][vc_column offset=&#8220;vc_col-lg-4 vc_col-md-4 vc_col-xs-12&#8243;][vc_empty_space height=&#8220;40px&#8220;][\/vc_column][\/vc_row][vc_row row_content_width=&#8220;grid&#8220; content_text_aligment=&#8220;center&#8220; css=&#8220;.vc_custom_1521450294064{padding-bottom: 80px !important;}&#8220;][vc_column offset=&#8220;vc_col-lg-4 vc_col-md-4 vc_col-xs-12&#8243;][vc_empty_space height=&#8220;40px&#8220;][\/vc_column][vc_column offset=&#8220;vc_col-lg-4 vc_col-md-4 vc_col-xs-12&#8243;][vc_empty_space height=&#8220;40px&#8220;][\/vc_column][vc_column offset=&#8220;vc_col-lg-4 vc_col-md-4 vc_col-xs-12&#8243;][vc_empty_space height=&#8220;40px&#8220;][\/vc_column][\/vc_row][vc_row parallax_background_image=&#8220;218&#8243;][vc_column][\/vc_column][\/vc_row]<\/p>\n","protected":false},"author":1,"featured_media":0,"parent":0,"menu_order":0,"comment_status":"closed","ping_status":"closed","template":"full-width.php","meta":[],"_links":{"self":[{"href":"https:\/\/anossacerveja.pt\/de\/wp-json\/wp\/v2\/pages\/4354"}],"collection":[{"href":"https:\/\/anossacerveja.pt\/de\/wp-json\/wp\/v2\/pages"}],"about":[{"href":"https:\/\/anossacerveja.pt\/de\/wp-json\/wp\/v2\/types\/page"}],"author":[{"embeddable":true,"href":"https:\/\/anossacerveja.pt\/de\/wp-json\/wp\/v2\/users\/1"}],"replies":[{"embeddable":true,"href":"https:\/\/anossacerveja.pt\/de\/wp-json\/wp\/v2\/comments?post=4354"}],"version-history":[{"count":14,"href":"https:\/\/anossacerveja.pt\/de\/wp-json\/wp\/v2\/pages\/4354\/revisions"}],"predecessor-version":[{"id":5539,"href":"https:\/\/anossacerveja.pt\/de\/wp-json\/wp\/v2\/pages\/4354\/revisions\/5539"}],"wp:attachment":[{"href":"https:\/\/anossacerveja.pt\/de\/wp-json\/wp\/v2\/media?parent=4354"}],"curies":[{"name":"wp","href":"https:\/\/api.w.org\/{rel}","templated":true}]}}