{"id":5674,"date":"2022-01-23T18:31:31","date_gmt":"2022-01-23T18:31:31","guid":{"rendered":"http:\/\/anossacerveja.pt\/product\/camponesa-farmhouse-ale-033l\/"},"modified":"2022-03-27T17:51:36","modified_gmt":"2022-03-27T17:51:36","slug":"camponesa-farmhouse-ale-033l","status":"publish","type":"product","link":"https:\/\/anossacerveja.pt\/de\/produkt\/camponesa-farmhouse-ale-033l\/","title":{"rendered":"Camponesa &#8211; Farmhouse Ale 0,33L"},"content":{"rendered":"<pre id=\"tw-target-text\" class=\"tw-data-text tw-text-large tw-ta\" dir=\"ltr\" data-placeholder=\"\u00dcbersetzung\"><span class=\"Y2IQFc\" lang=\"de\">Ein einzigartiges Erlebnis.\r\nEin norwegisches Bauernbier - Hergestellt mit der ber\u00fchmten KVEIK-Hefe.\r\nPasst gut zu rustikalen Vorspeisen mit K\u00e4se und Brath\u00e4hnchen oder Meeresfr\u00fcchten.<\/span><\/pre>\n","protected":false},"excerpt":{"rendered":"[video width=\"2244\" height=\"1586\" mp4=\"http:\/\/anossacerveja.pt\/wp-content\/uploads\/2022\/01\/Camponesa-Norwegian-Farmhouse-Ale-1-1.mp4\"][\/video]\n<pre id=\"tw-target-text\" class=\"tw-data-text tw-text-large tw-ta\" dir=\"ltr\" data-placeholder=\"\u00dcbersetzung\"><span class=\"Y2IQFc\" lang=\"de\">Ein einzigartiges Erlebnis.\r\nEin norwegisches Bauernbier - Hergestellt mit der ber\u00fchmten KVEIK-Hefe.\r\nPasst gut zu rustikalen Vorspeisen mit K\u00e4se und Brath\u00e4hnchen oder Meeresfr\u00fcchten.<\/span><\/pre>\n","protected":false},"featured_media":5261,"template":"","meta":[],"_links":{"self":[{"href":"https:\/\/anossacerveja.pt\/de\/wp-json\/wp\/v2\/product\/5674"}],"collection":[{"href":"https:\/\/anossacerveja.pt\/de\/wp-json\/wp\/v2\/product"}],"about":[{"href":"https:\/\/anossacerveja.pt\/de\/wp-json\/wp\/v2\/types\/product"}],"wp:featuredmedia":[{"embeddable":true,"href":"https:\/\/anossacerveja.pt\/de\/wp-json\/wp\/v2\/media\/5261"}],"wp:attachment":[{"href":"https:\/\/anossacerveja.pt\/de\/wp-json\/wp\/v2\/media?parent=5674"}],"curies":[{"name":"wp","href":"https:\/\/api.w.org\/{rel}","templated":true}]}}