{"id":5678,"date":"2018-02-22T10:41:29","date_gmt":"2018-02-22T10:41:29","guid":{"rendered":"http:\/\/anossacerveja.pt\/product\/pale-ale\/"},"modified":"2022-03-27T18:00:58","modified_gmt":"2022-03-27T18:00:58","slug":"pale-ale","status":"publish","type":"product","link":"https:\/\/anossacerveja.pt\/de\/produkt\/pale-ale\/","title":{"rendered":"AMERICAN IPA 0,33L"},"content":{"rendered":"<p>[vc_row][vc_column][vc_column_text css_animation=&#8220;fadeInDown&#8220;]<\/p>\n<pre id=\"tw-target-text\" class=\"tw-data-text tw-text-large tw-ta\" dir=\"ltr\" data-placeholder=\"\u00dcbersetzung\"><span class=\"Y2IQFc\" lang=\"de\">Anhaltender wei\u00dfer Schaum und eine tiefgoldene Farbe sind die Markenzeichen unseres American IPA.\r\n\r\nEs hat ein  intensives Hopfenaroma und einen Geschmack von Blumen- und Zitrushopfen.\r\n\r\nSein Charakter wird auch durch m\u00e4\u00dfiges Malzaroma und einem sanften Geschmack gepr\u00e4gt.\r\n\r\nIdeal f\u00fcr jeden Anlass, Sie werden sicherlich unser American IPA genie\u00dfen<\/span><\/pre>\n<p>[\/vc_column_text][\/vc_column][\/vc_row]<\/p>\n","protected":false},"excerpt":{"rendered":"[video width=\"2244\" height=\"1586\" mp4=\"http:\/\/anossacerveja.pt\/wp-content\/uploads\/2018\/02\/Kein-Titel-594-\u00d7-420-mm.mp4\"][\/video]\n<pre id=\"tw-target-text\" class=\"tw-data-text tw-text-large tw-ta\" dir=\"ltr\" data-placeholder=\"\u00dcbersetzung\"><span class=\"Y2IQFc\" lang=\"de\">Anhaltender wei\u00dfer Schaum und eine tiefgoldene Farbe sind die Markenzeichen unseres American IPA. Es hat ein intensives Hopfenaroma und einen Geschmack von Blumen- und Zitrushopfen. Sein Charakter wird auch durch m\u00e4\u00dfiges Malzaroma und einem sanften Geschmack gepr\u00e4gt. Ideal f\u00fcr jeden Anlass, Sie werden sicherlich unser American IPA genie\u00dfen<\/span><\/pre>\n","protected":false},"featured_media":5273,"template":"","meta":[],"_links":{"self":[{"href":"https:\/\/anossacerveja.pt\/de\/wp-json\/wp\/v2\/product\/5678"}],"collection":[{"href":"https:\/\/anossacerveja.pt\/de\/wp-json\/wp\/v2\/product"}],"about":[{"href":"https:\/\/anossacerveja.pt\/de\/wp-json\/wp\/v2\/types\/product"}],"wp:featuredmedia":[{"embeddable":true,"href":"https:\/\/anossacerveja.pt\/de\/wp-json\/wp\/v2\/media\/5273"}],"wp:attachment":[{"href":"https:\/\/anossacerveja.pt\/de\/wp-json\/wp\/v2\/media?parent=5678"}],"curies":[{"name":"wp","href":"https:\/\/api.w.org\/{rel}","templated":true}]}}